{"id":7,"date":"2020-04-28T20:09:19","date_gmt":"2020-04-28T18:09:19","guid":{"rendered":"http:\/\/192.168.2.15\/?page_id=6"},"modified":"2020-05-06T16:11:25","modified_gmt":"2020-05-06T16:11:25","slug":"leistungen","status":"publish","type":"page","link":"https:\/\/schreinerei-alef.de\/?page_id=7","title":{"rendered":"Leistungen"},"content":{"rendered":"\n<p>Wir wollen Ihnen nicht nur als Handwerker, sondern auch als Dienstleister zur Verf\u00fcgung stehen. So ist es unser zentrales Anliegen Ihre Vorstellungen hundertprozentig zu verstehen und die Umsetzung f\u00fcr Sie damit angenehm und einfach zu gestalten.<\/p>\n\n\n\n<div style=\"height:50px\" aria-hidden=\"true\" class=\"wp-block-spacer\"><\/div>\n\n\n\n<p><strong>WIR BIETEN IHNEN.<\/strong><\/p>\n\n\n\n<div style=\"height:20px\" aria-hidden=\"true\" class=\"wp-block-spacer\"><\/div>\n\n\n\n<p><strong>individuelle Entw\u00fcrfe<\/strong><\/p>\n\n\n\n<p>Wir realisieren Ihre pers\u00f6nlichen W\u00fcnsche oder machen Ihnen passende Vorschl\u00e4ge f\u00fcr die Einrichtung Ihrer Wohnung, Ihres Hauses und Ihrer Arbeitsr\u00e4ume, wenn Sie keine M\u00f6bel, T\u00fcren, Fenster etc. von der Stange wollen.<\/p>\n\n\n\n<div style=\"height:20px\" aria-hidden=\"true\" class=\"wp-block-spacer\"><\/div>\n\n\n\n<p><strong>komplette L\u00f6sungen<\/strong><\/p>\n\n\n\n<p>Bei der Raumgestaltung bieten wir Ihnen Gesamtl\u00f6sungen einschlie\u00dflich der Zusammenarbeit mit Architekten, Innenarchitekten, Malern, Metallbauern, Installateuren, Elektrikern und anderen Gewerken an. Auf Wunsch koordinieren wir f\u00fcr Sie den Verbund der Gewerke.<\/p>\n\n\n\n<div style=\"height:20px\" aria-hidden=\"true\" class=\"wp-block-spacer\"><\/div>\n\n\n\n<p><strong>perfekte Umsetzung<\/strong><\/p>\n\n\n\n<p>Durch unserer Erfahrung und unser K\u00f6nnen verbinden wir klassische Handwerkstechniken mit aktuellem Fachwissen und garantieren somit die bestm\u00f6gliche Umsetzung Ihrer Projekte.<\/p>\n\n\n\n<div style=\"height:20px\" aria-hidden=\"true\" class=\"wp-block-spacer\"><\/div>\n\n\n\n<p><strong>Zuverl\u00e4ssigkeit<\/strong><\/p>\n\n\n\n<p>Wir legen nicht nur auf die umfassende Beratung und detailgenaue Planung gro\u00dfen Wert, sonder auch auf den reibungslosen Ablauf sowie die termingetreue Fertigstellung und Lieferung inklusive fachgerechter Montage vor Ort.<\/p>\n\n\n\n<div style=\"height:20px\" aria-hidden=\"true\" class=\"wp-block-spacer\"><\/div>\n\n\n\n<p><strong>Kostensicherheit<\/strong><\/p>\n\n\n\n<p>Da unsere Kalkulationen darauf beruhen, dass \u00fcber Vorgespr\u00e4che und Beratung der Arbeits- und Materialaufwand gekl\u00e4rt ist, k\u00f6nnen Sie sich auf unsere Angebote verlassen.<\/p>\n\n\n\n<p><\/p>\n\n\n\n<p class=\"has-text-align-left\"><\/p>\n","protected":false},"excerpt":{"rendered":"<p>Wir wollen Ihnen nicht nur als Handwerker, sondern auch als Dienstleister zur Verf\u00fcgung stehen. So ist es unser zentrales Anliegen Ihre Vorstellungen hundertprozentig zu verstehen und die Umsetzung f\u00fcr Sie damit angenehm und einfach zu gestalten. WIR BIETEN IHNEN. individuelle Entw\u00fcrfe Wir realisieren Ihre pers\u00f6nlichen W\u00fcnsche oder machen Ihnen passende Vorschl\u00e4ge f\u00fcr die Einrichtung Ihrer [&hellip;]<\/p>\n","protected":false},"author":1,"featured_media":0,"parent":0,"menu_order":0,"comment_status":"closed","ping_status":"closed","template":"","meta":[],"_links":{"self":[{"href":"https:\/\/schreinerei-alef.de\/index.php?rest_route=\/wp\/v2\/pages\/7"}],"collection":[{"href":"https:\/\/schreinerei-alef.de\/index.php?rest_route=\/wp\/v2\/pages"}],"about":[{"href":"https:\/\/schreinerei-alef.de\/index.php?rest_route=\/wp\/v2\/types\/page"}],"author":[{"embeddable":true,"href":"https:\/\/schreinerei-alef.de\/index.php?rest_route=\/wp\/v2\/users\/1"}],"replies":[{"embeddable":true,"href":"https:\/\/schreinerei-alef.de\/index.php?rest_route=%2Fwp%2Fv2%2Fcomments&post=7"}],"version-history":[{"count":5,"href":"https:\/\/schreinerei-alef.de\/index.php?rest_route=\/wp\/v2\/pages\/7\/revisions"}],"predecessor-version":[{"id":460,"href":"https:\/\/schreinerei-alef.de\/index.php?rest_route=\/wp\/v2\/pages\/7\/revisions\/460"}],"wp:attachment":[{"href":"https:\/\/schreinerei-alef.de\/index.php?rest_route=%2Fwp%2Fv2%2Fmedia&parent=7"}],"curies":[{"name":"wp","href":"https:\/\/api.w.org\/{rel}","templated":true}]}}