{"id":556,"date":"2020-05-13T14:43:17","date_gmt":"2020-05-13T14:43:17","guid":{"rendered":"http:\/\/dyn.schreinerei-alef.de\/?page_id=556"},"modified":"2020-05-13T14:57:21","modified_gmt":"2020-05-13T14:57:21","slug":"fort-und-weiterbildung","status":"publish","type":"page","link":"https:\/\/schreinerei-alef.de\/?page_id=556","title":{"rendered":"Fort- und Weiterbildung"},"content":{"rendered":"\n<h2 class=\"has-text-align-center\">Fort- und Weiterbildung<\/h2>\n\n\n\n<p class=\"has-text-align-center\">Schon immer war es uns ein Anliegen f\u00fcr unsere Kunden auf dem neusten Stand der Technik zu sein. Durch st\u00e4ndige Fort- und Weiterbildung erreichen wir diese Ziele im Bereich W\u00e4rmed\u00e4mmung, Wohnklima, Sicherheit, Oberfl\u00e4chengestatlung, EDV gest\u00fctze Planung und Fertigung.<\/p>\n\n\n\n<div style=\"height:50px\" aria-hidden=\"true\" class=\"wp-block-spacer\"><\/div>\n\n\n\n<p class=\"has-text-align-center\">I<strong>hre Gesundheit ist uns wichtig!<\/strong><\/p>\n\n\n\n<div style=\"height:53px\" aria-hidden=\"true\" class=\"wp-block-spacer\"><\/div>\n\n\n\n<p class=\"has-text-align-center\">Seit \u00fcber 25 Jahren verarbeiten wir nur noch hochwertige Wasserlacke \u2013 f\u00fcr ein gesundes Wohnklima und eine gesunde Umwelt.<\/p>\n\n\n\n<div style=\"height:56px\" aria-hidden=\"true\" class=\"wp-block-spacer\"><\/div>\n\n\n\n<p class=\"has-text-align-center\">In Ihrem Auftrag sind wir nat\u00fcrlich auch den neusten Trends auf der Spur, um diese f\u00fcr Sie in Ihrer Wohnwelt umzusetzen.<\/p>\n","protected":false},"excerpt":{"rendered":"<p>Fort- und Weiterbildung Schon immer war es uns ein Anliegen f\u00fcr unsere Kunden auf dem neusten Stand der Technik zu sein. Durch st\u00e4ndige Fort- und Weiterbildung erreichen wir diese Ziele im Bereich W\u00e4rmed\u00e4mmung, Wohnklima, Sicherheit, Oberfl\u00e4chengestatlung, EDV gest\u00fctze Planung und Fertigung. Ihre Gesundheit ist uns wichtig! Seit \u00fcber 25 Jahren verarbeiten wir nur noch hochwertige [&hellip;]<\/p>\n","protected":false},"author":1,"featured_media":0,"parent":0,"menu_order":0,"comment_status":"closed","ping_status":"closed","template":"","meta":[],"_links":{"self":[{"href":"https:\/\/schreinerei-alef.de\/index.php?rest_route=\/wp\/v2\/pages\/556"}],"collection":[{"href":"https:\/\/schreinerei-alef.de\/index.php?rest_route=\/wp\/v2\/pages"}],"about":[{"href":"https:\/\/schreinerei-alef.de\/index.php?rest_route=\/wp\/v2\/types\/page"}],"author":[{"embeddable":true,"href":"https:\/\/schreinerei-alef.de\/index.php?rest_route=\/wp\/v2\/users\/1"}],"replies":[{"embeddable":true,"href":"https:\/\/schreinerei-alef.de\/index.php?rest_route=%2Fwp%2Fv2%2Fcomments&post=556"}],"version-history":[{"count":5,"href":"https:\/\/schreinerei-alef.de\/index.php?rest_route=\/wp\/v2\/pages\/556\/revisions"}],"predecessor-version":[{"id":564,"href":"https:\/\/schreinerei-alef.de\/index.php?rest_route=\/wp\/v2\/pages\/556\/revisions\/564"}],"wp:attachment":[{"href":"https:\/\/schreinerei-alef.de\/index.php?rest_route=%2Fwp%2Fv2%2Fmedia&parent=556"}],"curies":[{"name":"wp","href":"https:\/\/api.w.org\/{rel}","templated":true}]}}