{"id":486,"date":"2020-05-07T14:08:26","date_gmt":"2020-05-07T14:08:26","guid":{"rendered":"http:\/\/dyn.schreinerei-alef.de\/?page_id=486"},"modified":"2021-04-25T17:10:50","modified_gmt":"2021-04-25T17:10:50","slug":"galerie","status":"publish","type":"page","link":"https:\/\/schreinerei-alef.de\/?page_id=486","title":{"rendered":"Galerie"},"content":{"rendered":"\n<div class=\"is-layout-flow wp-block-group\"><div class=\"wp-block-group__inner-container\">\n<h2>M\u00f6bel<\/h2>\n<\/div><\/div>\n\n\n\n<figure class=\"is-layout-flex wp-block-gallery-2 wp-block-gallery columns-3 is-cropped\"><ul class=\"blocks-gallery-grid\"><li class=\"blocks-gallery-item\"><figure><img decoding=\"async\" loading=\"lazy\" width=\"1024\" height=\"757\" src=\"http:\/\/dyn.schreinerei-alef.de\/wp-content\/uploads\/2020\/05\/cropped-IMG_2594-scaled-1-1-1024x757.jpg\" alt=\"\" data-id=\"402\" data-link=\"http:\/\/dyn.schreinerei-alef.de\/?attachment_id=402\" class=\"wp-image-402\" srcset=\"https:\/\/schreinerei-alef.de\/wp-content\/uploads\/2020\/05\/cropped-IMG_2594-scaled-1-1-1024x757.jpg 1024w, https:\/\/schreinerei-alef.de\/wp-content\/uploads\/2020\/05\/cropped-IMG_2594-scaled-1-1-300x222.jpg 300w, https:\/\/schreinerei-alef.de\/wp-content\/uploads\/2020\/05\/cropped-IMG_2594-scaled-1-1-768x568.jpg 768w, https:\/\/schreinerei-alef.de\/wp-content\/uploads\/2020\/05\/cropped-IMG_2594-scaled-1-1-1536x1136.jpg 1536w, https:\/\/schreinerei-alef.de\/wp-content\/uploads\/2020\/05\/cropped-IMG_2594-scaled-1-1.jpg 2000w\" sizes=\"(max-width: 1024px) 100vw, 1024px\" \/><\/figure><\/li><li class=\"blocks-gallery-item\"><figure><img decoding=\"async\" loading=\"lazy\" width=\"1024\" height=\"768\" src=\"http:\/\/dyn.schreinerei-alef.de\/wp-content\/uploads\/2020\/05\/IMG_0075-1024x768.jpg\" alt=\"\" data-id=\"395\" data-link=\"http:\/\/dyn.schreinerei-alef.de\/?attachment_id=395\" class=\"wp-image-395\" srcset=\"https:\/\/schreinerei-alef.de\/wp-content\/uploads\/2020\/05\/IMG_0075-1024x768.jpg 1024w, https:\/\/schreinerei-alef.de\/wp-content\/uploads\/2020\/05\/IMG_0075-300x225.jpg 300w, https:\/\/schreinerei-alef.de\/wp-content\/uploads\/2020\/05\/IMG_0075-768x576.jpg 768w, https:\/\/schreinerei-alef.de\/wp-content\/uploads\/2020\/05\/IMG_0075-1536x1152.jpg 1536w, https:\/\/schreinerei-alef.de\/wp-content\/uploads\/2020\/05\/IMG_0075-2048x1536.jpg 2048w\" sizes=\"(max-width: 1024px) 100vw, 1024px\" \/><\/figure><\/li><li class=\"blocks-gallery-item\"><figure><img decoding=\"async\" loading=\"lazy\" width=\"1024\" height=\"768\" src=\"http:\/\/dyn.schreinerei-alef.de\/wp-content\/uploads\/2020\/05\/m\u00f6bel-11-1024x768.jpg\" alt=\"\" data-id=\"534\" data-link=\"http:\/\/dyn.schreinerei-alef.de\/?attachment_id=534\" class=\"wp-image-534\" srcset=\"https:\/\/schreinerei-alef.de\/wp-content\/uploads\/2020\/05\/m\u00f6bel-11-1024x768.jpg 1024w, https:\/\/schreinerei-alef.de\/wp-content\/uploads\/2020\/05\/m\u00f6bel-11-300x225.jpg 300w, https:\/\/schreinerei-alef.de\/wp-content\/uploads\/2020\/05\/m\u00f6bel-11-768x576.jpg 768w, https:\/\/schreinerei-alef.de\/wp-content\/uploads\/2020\/05\/m\u00f6bel-11-1536x1152.jpg 1536w, https:\/\/schreinerei-alef.de\/wp-content\/uploads\/2020\/05\/m\u00f6bel-11.jpg 2048w\" sizes=\"(max-width: 1024px) 100vw, 1024px\" \/><\/figure><\/li><li class=\"blocks-gallery-item\"><figure><img decoding=\"async\" loading=\"lazy\" width=\"1024\" height=\"768\" src=\"http:\/\/dyn.schreinerei-alef.de\/wp-content\/uploads\/2020\/05\/m\u00f6bel-1-1024x768.jpg\" alt=\"\" data-id=\"535\" data-link=\"http:\/\/dyn.schreinerei-alef.de\/?attachment_id=535\" class=\"wp-image-535\" srcset=\"https:\/\/schreinerei-alef.de\/wp-content\/uploads\/2020\/05\/m\u00f6bel-1-1024x768.jpg 1024w, https:\/\/schreinerei-alef.de\/wp-content\/uploads\/2020\/05\/m\u00f6bel-1-300x225.jpg 300w, https:\/\/schreinerei-alef.de\/wp-content\/uploads\/2020\/05\/m\u00f6bel-1-768x576.jpg 768w, https:\/\/schreinerei-alef.de\/wp-content\/uploads\/2020\/05\/m\u00f6bel-1-1536x1152.jpg 1536w, https:\/\/schreinerei-alef.de\/wp-content\/uploads\/2020\/05\/m\u00f6bel-1.jpg 2048w\" sizes=\"(max-width: 1024px) 100vw, 1024px\" \/><\/figure><\/li><li class=\"blocks-gallery-item\"><figure><img decoding=\"async\" loading=\"lazy\" width=\"1024\" height=\"768\" src=\"http:\/\/dyn.schreinerei-alef.de\/wp-content\/uploads\/2020\/05\/m\u00f6bel-8-1024x768.jpg\" alt=\"\" data-id=\"536\" data-full-url=\"http:\/\/dyn.schreinerei-alef.de\/wp-content\/uploads\/2020\/05\/m\u00f6bel-8-scaled.jpg\" data-link=\"http:\/\/dyn.schreinerei-alef.de\/?attachment_id=536\" class=\"wp-image-536\" srcset=\"https:\/\/schreinerei-alef.de\/wp-content\/uploads\/2020\/05\/m\u00f6bel-8-1024x768.jpg 1024w, https:\/\/schreinerei-alef.de\/wp-content\/uploads\/2020\/05\/m\u00f6bel-8-300x225.jpg 300w, https:\/\/schreinerei-alef.de\/wp-content\/uploads\/2020\/05\/m\u00f6bel-8-768x576.jpg 768w, https:\/\/schreinerei-alef.de\/wp-content\/uploads\/2020\/05\/m\u00f6bel-8-1536x1152.jpg 1536w, https:\/\/schreinerei-alef.de\/wp-content\/uploads\/2020\/05\/m\u00f6bel-8-2048x1536.jpg 2048w\" sizes=\"(max-width: 1024px) 100vw, 1024px\" \/><\/figure><\/li><\/ul><\/figure>\n\n\n\n<div style=\"height:100px\" aria-hidden=\"true\" class=\"wp-block-spacer\"><\/div>\n\n\n\n<h2>K\u00fcchen<\/h2>\n\n\n\n<figure class=\"is-layout-flex wp-block-gallery-4 wp-block-gallery columns-2 is-cropped\"><ul class=\"blocks-gallery-grid\"><li class=\"blocks-gallery-item\"><figure><img decoding=\"async\" loading=\"lazy\" width=\"1024\" height=\"768\" src=\"http:\/\/dyn.schreinerei-alef.de\/wp-content\/uploads\/2020\/05\/K\u00fcchen-1024x768.jpg\" alt=\"\" data-id=\"524\" data-link=\"http:\/\/dyn.schreinerei-alef.de\/?attachment_id=524\" class=\"wp-image-524\" srcset=\"https:\/\/schreinerei-alef.de\/wp-content\/uploads\/2020\/05\/K\u00fcchen-1024x768.jpg 1024w, https:\/\/schreinerei-alef.de\/wp-content\/uploads\/2020\/05\/K\u00fcchen-300x225.jpg 300w, https:\/\/schreinerei-alef.de\/wp-content\/uploads\/2020\/05\/K\u00fcchen-768x576.jpg 768w, https:\/\/schreinerei-alef.de\/wp-content\/uploads\/2020\/05\/K\u00fcchen-1536x1152.jpg 1536w, https:\/\/schreinerei-alef.de\/wp-content\/uploads\/2020\/05\/K\u00fcchen-2048x1536.jpg 2048w\" sizes=\"(max-width: 1024px) 100vw, 1024px\" \/><\/figure><\/li><li class=\"blocks-gallery-item\"><figure><img decoding=\"async\" loading=\"lazy\" width=\"768\" height=\"1024\" src=\"http:\/\/dyn.schreinerei-alef.de\/wp-content\/uploads\/2020\/05\/K\u00fcchen-2-768x1024.jpg\" alt=\"\" data-id=\"526\" data-full-url=\"http:\/\/dyn.schreinerei-alef.de\/wp-content\/uploads\/2020\/05\/K\u00fcchen-2.jpg\" data-link=\"http:\/\/dyn.schreinerei-alef.de\/?attachment_id=526\" class=\"wp-image-526\" srcset=\"https:\/\/schreinerei-alef.de\/wp-content\/uploads\/2020\/05\/K\u00fcchen-2-768x1024.jpg 768w, https:\/\/schreinerei-alef.de\/wp-content\/uploads\/2020\/05\/K\u00fcchen-2-225x300.jpg 225w, https:\/\/schreinerei-alef.de\/wp-content\/uploads\/2020\/05\/K\u00fcchen-2-1152x1536.jpg 1152w, https:\/\/schreinerei-alef.de\/wp-content\/uploads\/2020\/05\/K\u00fcchen-2.jpg 1536w\" sizes=\"(max-width: 768px) 100vw, 768px\" \/><\/figure><\/li><\/ul><\/figure>\n\n\n\n<div style=\"height:100px\" aria-hidden=\"true\" class=\"wp-block-spacer\"><\/div>\n\n\n\n<h2>T\u00fcren\/ Haust\u00fcren\/ Fenster<\/h2>\n\n\n\n<figure class=\"is-layout-flex wp-block-gallery-6 wp-block-gallery columns-3 is-cropped\"><ul class=\"blocks-gallery-grid\"><li class=\"blocks-gallery-item\"><figure><img decoding=\"async\" loading=\"lazy\" width=\"480\" height=\"640\" src=\"http:\/\/dyn.schreinerei-alef.de\/wp-content\/uploads\/2020\/05\/IMG_2589-rotated-1.jpg\" alt=\"\" data-id=\"403\" data-link=\"http:\/\/dyn.schreinerei-alef.de\/?attachment_id=403\" class=\"wp-image-403\" srcset=\"https:\/\/schreinerei-alef.de\/wp-content\/uploads\/2020\/05\/IMG_2589-rotated-1.jpg 480w, https:\/\/schreinerei-alef.de\/wp-content\/uploads\/2020\/05\/IMG_2589-rotated-1-225x300.jpg 225w\" sizes=\"(max-width: 480px) 100vw, 480px\" \/><\/figure><\/li><li class=\"blocks-gallery-item\"><figure><img decoding=\"async\" loading=\"lazy\" width=\"1024\" height=\"768\" src=\"http:\/\/dyn.schreinerei-alef.de\/wp-content\/uploads\/2020\/05\/Fenster-T\u00fcren-1-1024x768.jpg\" alt=\"\" data-id=\"527\" data-link=\"http:\/\/dyn.schreinerei-alef.de\/?attachment_id=527\" class=\"wp-image-527\" srcset=\"https:\/\/schreinerei-alef.de\/wp-content\/uploads\/2020\/05\/Fenster-T\u00fcren-1-1024x768.jpg 1024w, https:\/\/schreinerei-alef.de\/wp-content\/uploads\/2020\/05\/Fenster-T\u00fcren-1-300x225.jpg 300w, https:\/\/schreinerei-alef.de\/wp-content\/uploads\/2020\/05\/Fenster-T\u00fcren-1-768x576.jpg 768w, https:\/\/schreinerei-alef.de\/wp-content\/uploads\/2020\/05\/Fenster-T\u00fcren-1-1536x1152.jpg 1536w, https:\/\/schreinerei-alef.de\/wp-content\/uploads\/2020\/05\/Fenster-T\u00fcren-1.jpg 2048w\" sizes=\"(max-width: 1024px) 100vw, 1024px\" \/><\/figure><\/li><li class=\"blocks-gallery-item\"><figure><img decoding=\"async\" loading=\"lazy\" width=\"768\" height=\"1024\" src=\"http:\/\/dyn.schreinerei-alef.de\/wp-content\/uploads\/2020\/05\/Fenster-T\u00fcren-7-768x1024.jpg\" alt=\"\" data-id=\"529\" data-link=\"http:\/\/dyn.schreinerei-alef.de\/?attachment_id=529\" class=\"wp-image-529\" srcset=\"https:\/\/schreinerei-alef.de\/wp-content\/uploads\/2020\/05\/Fenster-T\u00fcren-7-768x1024.jpg 768w, https:\/\/schreinerei-alef.de\/wp-content\/uploads\/2020\/05\/Fenster-T\u00fcren-7-225x300.jpg 225w, https:\/\/schreinerei-alef.de\/wp-content\/uploads\/2020\/05\/Fenster-T\u00fcren-7-1152x1536.jpg 1152w, https:\/\/schreinerei-alef.de\/wp-content\/uploads\/2020\/05\/Fenster-T\u00fcren-7.jpg 1536w\" sizes=\"(max-width: 768px) 100vw, 768px\" \/><\/figure><\/li><li class=\"blocks-gallery-item\"><figure><img decoding=\"async\" loading=\"lazy\" width=\"768\" height=\"1024\" src=\"http:\/\/dyn.schreinerei-alef.de\/wp-content\/uploads\/2020\/05\/Fenster-T\u00fcren-5-768x1024.jpg\" alt=\"\" data-id=\"530\" data-link=\"http:\/\/dyn.schreinerei-alef.de\/?attachment_id=530\" class=\"wp-image-530\" srcset=\"https:\/\/schreinerei-alef.de\/wp-content\/uploads\/2020\/05\/Fenster-T\u00fcren-5-768x1024.jpg 768w, https:\/\/schreinerei-alef.de\/wp-content\/uploads\/2020\/05\/Fenster-T\u00fcren-5-225x300.jpg 225w, https:\/\/schreinerei-alef.de\/wp-content\/uploads\/2020\/05\/Fenster-T\u00fcren-5-1152x1536.jpg 1152w, https:\/\/schreinerei-alef.de\/wp-content\/uploads\/2020\/05\/Fenster-T\u00fcren-5.jpg 1536w\" sizes=\"(max-width: 768px) 100vw, 768px\" \/><\/figure><\/li><li class=\"blocks-gallery-item\"><figure><img decoding=\"async\" loading=\"lazy\" width=\"1024\" height=\"768\" src=\"http:\/\/dyn.schreinerei-alef.de\/wp-content\/uploads\/2020\/05\/Fenster-T\u00fcren-4-1-1024x768.jpg\" alt=\"\" data-id=\"532\" data-full-url=\"http:\/\/dyn.schreinerei-alef.de\/wp-content\/uploads\/2020\/05\/Fenster-T\u00fcren-4-1.jpg\" data-link=\"http:\/\/dyn.schreinerei-alef.de\/?attachment_id=532\" class=\"wp-image-532\" srcset=\"https:\/\/schreinerei-alef.de\/wp-content\/uploads\/2020\/05\/Fenster-T\u00fcren-4-1-1024x768.jpg 1024w, https:\/\/schreinerei-alef.de\/wp-content\/uploads\/2020\/05\/Fenster-T\u00fcren-4-1-300x225.jpg 300w, https:\/\/schreinerei-alef.de\/wp-content\/uploads\/2020\/05\/Fenster-T\u00fcren-4-1-768x576.jpg 768w, https:\/\/schreinerei-alef.de\/wp-content\/uploads\/2020\/05\/Fenster-T\u00fcren-4-1-1536x1152.jpg 1536w, https:\/\/schreinerei-alef.de\/wp-content\/uploads\/2020\/05\/Fenster-T\u00fcren-4-1.jpg 2048w\" sizes=\"(max-width: 1024px) 100vw, 1024px\" \/><\/figure><\/li><\/ul><\/figure>\n\n\n\n<div style=\"height:100px\" aria-hidden=\"true\" class=\"wp-block-spacer\"><\/div>\n\n\n\n<h2>Treppen<\/h2>\n\n\n\n<figure class=\"is-layout-flex wp-block-gallery-8 wp-block-gallery columns-3 is-cropped\"><ul class=\"blocks-gallery-grid\"><li class=\"blocks-gallery-item\"><figure><img decoding=\"async\" loading=\"lazy\" width=\"768\" height=\"1024\" src=\"http:\/\/dyn.schreinerei-alef.de\/wp-content\/uploads\/2020\/05\/IMG_4314-768x1024.jpg\" alt=\"\" data-id=\"520\" data-link=\"http:\/\/dyn.schreinerei-alef.de\/?attachment_id=520\" class=\"wp-image-520\" srcset=\"https:\/\/schreinerei-alef.de\/wp-content\/uploads\/2020\/05\/IMG_4314-768x1024.jpg 768w, https:\/\/schreinerei-alef.de\/wp-content\/uploads\/2020\/05\/IMG_4314-225x300.jpg 225w, https:\/\/schreinerei-alef.de\/wp-content\/uploads\/2020\/05\/IMG_4314-1152x1536.jpg 1152w, https:\/\/schreinerei-alef.de\/wp-content\/uploads\/2020\/05\/IMG_4314-rotated.jpg 1200w\" sizes=\"(max-width: 768px) 100vw, 768px\" \/><\/figure><\/li><li class=\"blocks-gallery-item\"><figure><img decoding=\"async\" loading=\"lazy\" width=\"1024\" height=\"681\" src=\"http:\/\/dyn.schreinerei-alef.de\/wp-content\/uploads\/2020\/05\/DSC_1156-1024x681.jpg\" alt=\"\" data-id=\"521\" data-link=\"http:\/\/dyn.schreinerei-alef.de\/?attachment_id=521\" class=\"wp-image-521\" srcset=\"https:\/\/schreinerei-alef.de\/wp-content\/uploads\/2020\/05\/DSC_1156-1024x681.jpg 1024w, https:\/\/schreinerei-alef.de\/wp-content\/uploads\/2020\/05\/DSC_1156-300x199.jpg 300w, https:\/\/schreinerei-alef.de\/wp-content\/uploads\/2020\/05\/DSC_1156-768x511.jpg 768w, https:\/\/schreinerei-alef.de\/wp-content\/uploads\/2020\/05\/DSC_1156-1536x1021.jpg 1536w, https:\/\/schreinerei-alef.de\/wp-content\/uploads\/2020\/05\/DSC_1156-2048x1362.jpg 2048w\" sizes=\"(max-width: 1024px) 100vw, 1024px\" \/><\/figure><\/li><li class=\"blocks-gallery-item\"><figure><img decoding=\"async\" loading=\"lazy\" width=\"768\" height=\"1024\" src=\"http:\/\/dyn.schreinerei-alef.de\/wp-content\/uploads\/2020\/05\/102-0202_IMG-768x1024.jpg\" alt=\"\" data-id=\"522\" data-full-url=\"http:\/\/dyn.schreinerei-alef.de\/wp-content\/uploads\/2020\/05\/102-0202_IMG.jpg\" data-link=\"http:\/\/dyn.schreinerei-alef.de\/?attachment_id=522\" class=\"wp-image-522\" srcset=\"https:\/\/schreinerei-alef.de\/wp-content\/uploads\/2020\/05\/102-0202_IMG-768x1024.jpg 768w, https:\/\/schreinerei-alef.de\/wp-content\/uploads\/2020\/05\/102-0202_IMG-225x300.jpg 225w, https:\/\/schreinerei-alef.de\/wp-content\/uploads\/2020\/05\/102-0202_IMG-1152x1536.jpg 1152w, https:\/\/schreinerei-alef.de\/wp-content\/uploads\/2020\/05\/102-0202_IMG.jpg 1536w\" sizes=\"(max-width: 768px) 100vw, 768px\" \/><\/figure><\/li><\/ul><\/figure>\n\n\n\n<div style=\"height:100px\" aria-hidden=\"true\" class=\"wp-block-spacer\"><\/div>\n\n\n\n<h2>Ladenausbau<\/h2>\n\n\n\n<figure class=\"is-layout-flex wp-block-gallery-10 wp-block-gallery columns-3 is-cropped\"><ul class=\"blocks-gallery-grid\"><li class=\"blocks-gallery-item\"><figure><img decoding=\"async\" loading=\"lazy\" width=\"1024\" height=\"683\" src=\"http:\/\/dyn.schreinerei-alef.de\/wp-content\/uploads\/2020\/05\/Salon-14-1024x683.jpg\" alt=\"\" data-id=\"385\" data-link=\"http:\/\/dyn.schreinerei-alef.de\/?attachment_id=385\" class=\"wp-image-385\" srcset=\"https:\/\/schreinerei-alef.de\/wp-content\/uploads\/2020\/05\/Salon-14-1024x683.jpg 1024w, https:\/\/schreinerei-alef.de\/wp-content\/uploads\/2020\/05\/Salon-14-300x200.jpg 300w, https:\/\/schreinerei-alef.de\/wp-content\/uploads\/2020\/05\/Salon-14-768x512.jpg 768w, https:\/\/schreinerei-alef.de\/wp-content\/uploads\/2020\/05\/Salon-14-1536x1024.jpg 1536w, https:\/\/schreinerei-alef.de\/wp-content\/uploads\/2020\/05\/Salon-14-2048x1365.jpg 2048w\" sizes=\"(max-width: 1024px) 100vw, 1024px\" \/><\/figure><\/li><li class=\"blocks-gallery-item\"><figure><img decoding=\"async\" loading=\"lazy\" width=\"1024\" height=\"768\" src=\"http:\/\/dyn.schreinerei-alef.de\/wp-content\/uploads\/2020\/05\/IMG_0136-1024x768.jpg\" alt=\"\" data-id=\"396\" data-link=\"http:\/\/dyn.schreinerei-alef.de\/?attachment_id=396\" class=\"wp-image-396\" srcset=\"https:\/\/schreinerei-alef.de\/wp-content\/uploads\/2020\/05\/IMG_0136-1024x768.jpg 1024w, https:\/\/schreinerei-alef.de\/wp-content\/uploads\/2020\/05\/IMG_0136-300x225.jpg 300w, https:\/\/schreinerei-alef.de\/wp-content\/uploads\/2020\/05\/IMG_0136-768x576.jpg 768w, https:\/\/schreinerei-alef.de\/wp-content\/uploads\/2020\/05\/IMG_0136-1536x1152.jpg 1536w, https:\/\/schreinerei-alef.de\/wp-content\/uploads\/2020\/05\/IMG_0136.jpg 1600w\" sizes=\"(max-width: 1024px) 100vw, 1024px\" \/><\/figure><\/li><li class=\"blocks-gallery-item\"><figure><img decoding=\"async\" loading=\"lazy\" width=\"1024\" height=\"769\" src=\"http:\/\/dyn.schreinerei-alef.de\/wp-content\/uploads\/2020\/05\/Ladenbau-5-1024x769.jpg\" alt=\"\" data-id=\"533\" data-full-url=\"http:\/\/dyn.schreinerei-alef.de\/wp-content\/uploads\/2020\/05\/Ladenbau-5-scaled.jpg\" data-link=\"http:\/\/dyn.schreinerei-alef.de\/?attachment_id=533\" class=\"wp-image-533\" srcset=\"https:\/\/schreinerei-alef.de\/wp-content\/uploads\/2020\/05\/Ladenbau-5-1024x769.jpg 1024w, https:\/\/schreinerei-alef.de\/wp-content\/uploads\/2020\/05\/Ladenbau-5-300x225.jpg 300w, https:\/\/schreinerei-alef.de\/wp-content\/uploads\/2020\/05\/Ladenbau-5-768x577.jpg 768w, https:\/\/schreinerei-alef.de\/wp-content\/uploads\/2020\/05\/Ladenbau-5-1536x1154.jpg 1536w, https:\/\/schreinerei-alef.de\/wp-content\/uploads\/2020\/05\/Ladenbau-5-2048x1539.jpg 2048w\" sizes=\"(max-width: 1024px) 100vw, 1024px\" \/><\/figure><\/li><\/ul><\/figure>\n\n\n\n<div style=\"height:91px\" aria-hidden=\"true\" class=\"wp-block-spacer\"><\/div>\n\n\n\n<div class=\"wp-block-image\"><figure class=\"aligncenter size-large is-resized\"><img decoding=\"async\" loading=\"lazy\" src=\"http:\/\/schreinerei-alef.de\/wp-content\/uploads\/2021\/04\/Logo_Alef_Farbe_4c-960x1024.jpg\" alt=\"\" class=\"wp-image-650\" width=\"304\" height=\"324\"\/><\/figure><\/div>\n","protected":false},"excerpt":{"rendered":"<p>M\u00f6bel K\u00fcchen T\u00fcren\/ Haust\u00fcren\/ Fenster Treppen Ladenausbau<\/p>\n","protected":false},"author":1,"featured_media":0,"parent":0,"menu_order":0,"comment_status":"closed","ping_status":"closed","template":"","meta":[],"_links":{"self":[{"href":"https:\/\/schreinerei-alef.de\/index.php?rest_route=\/wp\/v2\/pages\/486"}],"collection":[{"href":"https:\/\/schreinerei-alef.de\/index.php?rest_route=\/wp\/v2\/pages"}],"about":[{"href":"https:\/\/schreinerei-alef.de\/index.php?rest_route=\/wp\/v2\/types\/page"}],"author":[{"embeddable":true,"href":"https:\/\/schreinerei-alef.de\/index.php?rest_route=\/wp\/v2\/users\/1"}],"replies":[{"embeddable":true,"href":"https:\/\/schreinerei-alef.de\/index.php?rest_route=%2Fwp%2Fv2%2Fcomments&post=486"}],"version-history":[{"count":7,"href":"https:\/\/schreinerei-alef.de\/index.php?rest_route=\/wp\/v2\/pages\/486\/revisions"}],"predecessor-version":[{"id":651,"href":"https:\/\/schreinerei-alef.de\/index.php?rest_route=\/wp\/v2\/pages\/486\/revisions\/651"}],"wp:attachment":[{"href":"https:\/\/schreinerei-alef.de\/index.php?rest_route=%2Fwp%2Fv2%2Fmedia&parent=486"}],"curies":[{"name":"wp","href":"https:\/\/api.w.org\/{rel}","templated":true}]}}