{"id":46,"date":"2020-04-28T20:28:54","date_gmt":"2020-04-28T18:28:54","guid":{"rendered":"http:\/\/192.168.2.15\/?page_id=46"},"modified":"2022-10-31T11:35:01","modified_gmt":"2022-10-31T11:35:01","slug":"startseite","status":"publish","type":"page","link":"https:\/\/schreinerei-alef.de\/","title":{"rendered":"Herzlich Wilkommen"},"content":{"rendered":"\n<div class=\"wp-block-image\"><figure class=\"aligncenter size-large is-resized\"><img decoding=\"async\" loading=\"lazy\" src=\"http:\/\/dyn.schreinerei-alef.de\/wp-content\/uploads\/2020\/05\/tischler-zunftzeichen.jpg\" alt=\"\" class=\"wp-image-598\" width=\"132\" height=\"132\" srcset=\"https:\/\/schreinerei-alef.de\/wp-content\/uploads\/2020\/05\/tischler-zunftzeichen.jpg 300w, https:\/\/schreinerei-alef.de\/wp-content\/uploads\/2020\/05\/tischler-zunftzeichen-150x150.jpg 150w\" sizes=\"(max-width: 132px) 100vw, 132px\" \/><\/figure><\/div>\n\n\n\n<h2 class=\"has-text-align-center\">WIR SIND F\u00dcR SIE DA<\/h2>\n\n\n\n<p class=\"has-text-align-left\">Seit 1891 steht die Schreinerei Alef, nun in 4. Generation, f\u00fcr individuelle L\u00f6sungen f\u00fcr Ihr Zuhause. Wir sind die Experten f\u00fcr alle Angelegenheiten rund ums Holz! Neben einer ausgezeichneten Beratung k\u00f6nnen Sie in unserem modernen Fachbetrieb einen optimalen Service sowie exzellente Leistungen erwarten. Ob in\u00addi\u00advi\u00adduel\u00adler M\u00f6belbau, Haust\u00fcren, Fenster oder kompletter Innenausbau.<br>Wir bieten Ihnen\u2026<\/p>\n\n\n\n<h3 class=\"has-text-align-center\">&#8230;individuelle L\u00f6sungen f\u00fcr Ihr Zuhause.<\/h3>\n\n\n\n<div class=\"is-layout-flex wp-block-buttons aligncenter\">\n<div class=\"wp-block-button is-style-fill\"><a class=\"wp-block-button__link\" href=\"\/?page_id=68\" style=\"border-radius:50px\" rel=\"\/index.php\/ueber-uns\/\">     Kontakt     <\/a><\/div>\n<\/div>\n\n\n\n<p class=\"has-text-align-left\">Wir entwerfen, fertigen und montieren M\u00f6bel nach Ihren Vorstellungen und Ideen. Ob Einzelm\u00f6bel oder Komplettl\u00f6sungen, wir verwirklichen Ihre Wohnw\u00fcnsche im Bad, B\u00fcro, K\u00fcche, Schlafzimmer oder Wohnbereich.<\/p>\n\n\n\n<p class=\"has-text-align-left\">Beim Bauen oder Renovieren betreuen wir Sie von Ihrer Idee bis zum fertigen Einbau. Nach Ihren Vorstellungen planen, fertigen und montieren wir f\u00fcr Sie: Fenster, Klappl\u00e4den, Haus- und Zimmert\u00fcren, Treppen, Wand- und Deckenverleidungen, sowie Parkettb\u00f6den.<\/p>\n\n\n\n<p class=\"has-text-align-left\">Neben der Bau- und M\u00f6belschreinerei f\u00fcr Privathaushalte stellen wir ebenfalls M\u00f6bel und Einbauten f\u00fcr gewerblich genutzte R\u00e4umlichkeiten wie Apotheken, Einzelhandel oder Dienstleister her.<\/p>\n\n\n\n<p class=\"has-text-align-left\">Unsere Leistungen Umfassen:<\/p>\n\n\n\n<div style=\"height:73px\" aria-hidden=\"true\" class=\"wp-block-spacer\"><\/div>\n\n\n\n<div class=\"is-layout-flex wp-container-5 wp-block-columns\">\n<div class=\"is-layout-flow wp-block-column\">\n<div class=\"wp-block-image\"><figure class=\"aligncenter size-large\"><img decoding=\"async\" loading=\"lazy\" width=\"768\" height=\"1024\" src=\"http:\/\/dyn.schreinerei-alef.de\/wp-content\/uploads\/2020\/05\/IMG_2594-768x1024.jpg\" alt=\"\" class=\"wp-image-400\" srcset=\"https:\/\/schreinerei-alef.de\/wp-content\/uploads\/2020\/05\/IMG_2594-768x1024.jpg 768w, https:\/\/schreinerei-alef.de\/wp-content\/uploads\/2020\/05\/IMG_2594-225x300.jpg 225w, https:\/\/schreinerei-alef.de\/wp-content\/uploads\/2020\/05\/IMG_2594-1152x1536.jpg 1152w, https:\/\/schreinerei-alef.de\/wp-content\/uploads\/2020\/05\/IMG_2594-1536x2048.jpg 1536w, https:\/\/schreinerei-alef.de\/wp-content\/uploads\/2020\/05\/IMG_2594-scaled.jpg 1920w\" sizes=\"(max-width: 768px) 100vw, 768px\" \/><figcaption><strong>M\u00d6BEL<br>K\u00dcCHEN<br>EINBAUSCHR\u00c4NKE<\/strong><\/figcaption><\/figure><\/div>\n<\/div>\n\n\n\n<div class=\"is-layout-flow wp-block-column\">\n<div class=\"wp-block-image\"><figure class=\"aligncenter size-large\"><img decoding=\"async\" loading=\"lazy\" width=\"480\" height=\"640\" src=\"http:\/\/dyn.schreinerei-alef.de\/wp-content\/uploads\/2020\/05\/IMG_2589-rotated.jpg\" alt=\"\" class=\"wp-image-398\" srcset=\"https:\/\/schreinerei-alef.de\/wp-content\/uploads\/2020\/05\/IMG_2589-rotated.jpg 480w, https:\/\/schreinerei-alef.de\/wp-content\/uploads\/2020\/05\/IMG_2589-225x300.jpg 225w\" sizes=\"(max-width: 480px) 100vw, 480px\" \/><figcaption><strong>HAUST\u00dcREN <\/strong><br><strong>FENSTER<br>(Holz, Holz-Alu, Kunststoff)<br>TREPPEN<br>FENSTERL\u00c4DEN<br><\/strong><br><\/figcaption><\/figure><\/div>\n\n\n\n<p><\/p>\n<\/div>\n\n\n\n<div class=\"is-layout-flow wp-block-column\">\n<div class=\"wp-block-image\"><figure class=\"aligncenter size-large\"><img decoding=\"async\" loading=\"lazy\" width=\"480\" height=\"640\" src=\"http:\/\/dyn.schreinerei-alef.de\/wp-content\/uploads\/2020\/05\/IMG_2591-rotated.jpg\" alt=\"\" class=\"wp-image-399\" srcset=\"https:\/\/schreinerei-alef.de\/wp-content\/uploads\/2020\/05\/IMG_2591-rotated.jpg 480w, https:\/\/schreinerei-alef.de\/wp-content\/uploads\/2020\/05\/IMG_2591-225x300.jpg 225w\" sizes=\"(max-width: 480px) 100vw, 480px\" \/><figcaption><strong>INNENAUSBAU<br>TROCKENBAU<br>WANDVERKLEIDUNGEN<br>ZIMMERT\u00dcREN<br>PARKETT<br><br>LADENBAU<\/strong><\/figcaption><\/figure><\/div>\n\n\n\n<p><\/p>\n<\/div>\n<\/div>\n\n\n\n<p class=\"has-text-align-center\"><\/p>\n\n\n\n<figure class=\"wp-block-video\"><video controls src=\"http:\/\/schreinerei-alef.de\/wp-content\/uploads\/2022\/10\/raumplus-CREO.mp4\"><\/video><figcaption>Quelle: https:\/\/www.youtube.com\/watch?v=nqwcLqyYCPo<\/figcaption><\/figure>\n\n\n\n<div class=\"wp-block-image\"><figure class=\"aligncenter size-large is-resized\"><img decoding=\"async\" loading=\"lazy\" src=\"http:\/\/schreinerei-alef.de\/wp-content\/uploads\/2021\/04\/Logo_Alef_Farbe_4c-960x1024.jpg\" alt=\"\" class=\"wp-image-650\" width=\"271\" height=\"288\"\/><\/figure><\/div>\n","protected":false},"excerpt":{"rendered":"<p>WIR SIND F\u00dcR SIE DA Seit 1891 steht die Schreinerei Alef, nun in 4. Generation, f\u00fcr individuelle L\u00f6sungen f\u00fcr Ihr Zuhause. Wir sind die Experten f\u00fcr alle Angelegenheiten rund ums Holz! Neben einer ausgezeichneten Beratung k\u00f6nnen Sie in unserem modernen Fachbetrieb einen optimalen Service sowie exzellente Leistungen erwarten. Ob in\u00addi\u00advi\u00adduel\u00adler M\u00f6belbau, Haust\u00fcren, Fenster oder kompletter [&hellip;]<\/p>\n","protected":false},"author":1,"featured_media":0,"parent":0,"menu_order":0,"comment_status":"closed","ping_status":"closed","template":"","meta":[],"_links":{"self":[{"href":"https:\/\/schreinerei-alef.de\/index.php?rest_route=\/wp\/v2\/pages\/46"}],"collection":[{"href":"https:\/\/schreinerei-alef.de\/index.php?rest_route=\/wp\/v2\/pages"}],"about":[{"href":"https:\/\/schreinerei-alef.de\/index.php?rest_route=\/wp\/v2\/types\/page"}],"author":[{"embeddable":true,"href":"https:\/\/schreinerei-alef.de\/index.php?rest_route=\/wp\/v2\/users\/1"}],"replies":[{"embeddable":true,"href":"https:\/\/schreinerei-alef.de\/index.php?rest_route=%2Fwp%2Fv2%2Fcomments&post=46"}],"version-history":[{"count":56,"href":"https:\/\/schreinerei-alef.de\/index.php?rest_route=\/wp\/v2\/pages\/46\/revisions"}],"predecessor-version":[{"id":683,"href":"https:\/\/schreinerei-alef.de\/index.php?rest_route=\/wp\/v2\/pages\/46\/revisions\/683"}],"wp:attachment":[{"href":"https:\/\/schreinerei-alef.de\/index.php?rest_route=%2Fwp%2Fv2%2Fmedia&parent=46"}],"curies":[{"name":"wp","href":"https:\/\/api.w.org\/{rel}","templated":true}]}}