{"id":21,"date":"2020-04-28T20:19:47","date_gmt":"2020-04-28T18:19:47","guid":{"rendered":"http:\/\/192.168.2.15\/?page_id=21"},"modified":"2022-05-12T17:30:47","modified_gmt":"2022-05-12T17:30:47","slug":"ueber-uns","status":"publish","type":"page","link":"https:\/\/schreinerei-alef.de\/?page_id=21","title":{"rendered":"\u00dcber Uns"},"content":{"rendered":"\n<h2 class=\"has-text-align-center\">\u00dcber uns:<\/h2>\n\n\n\n<div class=\"is-layout-flow wp-block-group\"><div class=\"wp-block-group__inner-container\">\n<div class=\"is-layout-flow wp-block-group\"><div class=\"wp-block-group__inner-container\">\n<div class=\"is-layout-flow wp-block-group\"><div class=\"wp-block-group__inner-container\">\n<p class=\"has-text-align-left\">Wir sind seit 1891 ein in der 4. Generation inhabergef\u00fchrter Meisterbetrieb des Schreinerhandwerkes. Bei uns wird traditionelles Handwerk mit innovativer Kompetenz zuverl\u00e4ssig kombiniert, um anspruchsvollen Kundenw\u00fcnschen gerecht zu werden.<\/p>\n\n\n\n<div style=\"height:20px\" aria-hidden=\"true\" class=\"wp-block-spacer\"><\/div>\n\n\n\n<p class=\"has-text-align-left\">Unsere Schreinerei befindet sich mitten im Herzen von Obermendig und ist mit modernen Maschinen des Schreinerhandwerkes ausgestattet.<\/p>\n<\/div><\/div>\n\n\n\n<div style=\"height:20px\" aria-hidden=\"true\" class=\"wp-block-spacer\"><\/div>\n\n\n\n<p class=\"has-text-align-left\">Die Planung und Durchf\u00fchrung von Projekten erfolgt mit Hilfe bekannter Software (CAD gest\u00fctzt).<\/p>\n<\/div><\/div>\n<\/div><\/div>\n\n\n\n<div style=\"height:20px\" aria-hidden=\"true\" class=\"wp-block-spacer\"><\/div>\n\n\n\n<p class=\"has-text-align-left\">Durch die Zusammenarbeit mit anderen Gewerken und Planern bieten wir ein sehr gro\u00dfes Angebot von Gestaltungs- und Verarbeitungsm\u00f6glichkeiten an.<\/p>\n\n\n\n<div style=\"height:20px\" aria-hidden=\"true\" class=\"wp-block-spacer\"><\/div>\n\n\n\n<p class=\"has-text-align-left\">Wir sind Mitgliedsbetrieb der Tischler-Innung Mayen und dem Holz-Kunststoff-Verband.<\/p>\n\n\n\n<div style=\"height:20px\" aria-hidden=\"true\" class=\"wp-block-spacer\"><\/div>\n\n\n\n<p class=\"has-text-align-left\">Wir produzieren nach eigenen Entw\u00fcrfen f\u00fcr den privaten Wohnraum und gehobenen Ladenbau. Au\u00dferdem geh\u00f6ren Haust\u00fcren und Fenster (Holz, Holz-Alu, Aluminium und Kunststoff) zu unserem Portfolio, dazu z\u00e4hlen auch Parkettb\u00f6den (neu oder Aufarbeitung),K\u00fcchen und Treppen.<\/p>\n\n\n\n<div style=\"height:100px\" aria-hidden=\"true\" class=\"wp-block-spacer\"><\/div>\n\n\n\n<p>Andreas Alef<\/p>\n\n\n\n<p>*24.09.1867 &nbsp; \ua74908.11.1944<\/p>\n\n\n\n<figure class=\"is-layout-flex wp-block-gallery-4 wp-block-gallery alignright columns-2 is-cropped\"><ul class=\"blocks-gallery-grid\"><li class=\"blocks-gallery-item\"><figure><img decoding=\"async\" loading=\"lazy\" width=\"635\" height=\"1024\" src=\"http:\/\/dyn.schreinerei-alef.de\/wp-content\/uploads\/2020\/05\/IMG_9670-1-635x1024.jpg\" alt=\"\" data-id=\"570\" class=\"wp-image-570\" srcset=\"https:\/\/schreinerei-alef.de\/wp-content\/uploads\/2020\/05\/IMG_9670-1-635x1024.jpg 635w, https:\/\/schreinerei-alef.de\/wp-content\/uploads\/2020\/05\/IMG_9670-1-186x300.jpg 186w, https:\/\/schreinerei-alef.de\/wp-content\/uploads\/2020\/05\/IMG_9670-1-768x1239.jpg 768w, https:\/\/schreinerei-alef.de\/wp-content\/uploads\/2020\/05\/IMG_9670-1-952x1536.jpg 952w, https:\/\/schreinerei-alef.de\/wp-content\/uploads\/2020\/05\/IMG_9670-1-1269x2048.jpg 1269w, https:\/\/schreinerei-alef.de\/wp-content\/uploads\/2020\/05\/IMG_9670-1-scaled.jpg 1587w\" sizes=\"(max-width: 635px) 100vw, 635px\" \/><\/figure><\/li><li class=\"blocks-gallery-item\"><figure><img decoding=\"async\" loading=\"lazy\" width=\"616\" height=\"1024\" src=\"http:\/\/dyn.schreinerei-alef.de\/wp-content\/uploads\/2020\/05\/IMG_8470-1-616x1024.jpg\" alt=\"\" data-id=\"577\" data-full-url=\"http:\/\/dyn.schreinerei-alef.de\/wp-content\/uploads\/2020\/05\/IMG_8470-1-scaled.jpg\" data-link=\"http:\/\/dyn.schreinerei-alef.de\/?attachment_id=577\" class=\"wp-image-577\" srcset=\"https:\/\/schreinerei-alef.de\/wp-content\/uploads\/2020\/05\/IMG_8470-1-616x1024.jpg 616w, https:\/\/schreinerei-alef.de\/wp-content\/uploads\/2020\/05\/IMG_8470-1-181x300.jpg 181w, https:\/\/schreinerei-alef.de\/wp-content\/uploads\/2020\/05\/IMG_8470-1-768x1276.jpg 768w, https:\/\/schreinerei-alef.de\/wp-content\/uploads\/2020\/05\/IMG_8470-1-925x1536.jpg 925w, https:\/\/schreinerei-alef.de\/wp-content\/uploads\/2020\/05\/IMG_8470-1-1233x2048.jpg 1233w, https:\/\/schreinerei-alef.de\/wp-content\/uploads\/2020\/05\/IMG_8470-1-scaled.jpg 1541w\" sizes=\"(max-width: 616px) 100vw, 616px\" \/><\/figure><\/li><\/ul><\/figure>\n\n\n\n<p>Gr\u00fcnder der Schreinerei<\/p>\n\n\n\n<p>Sohn von B\u00e4ckermeister Georg Alef aus Obermendig.<\/p>\n\n\n\n<p>Lehre vom 01.03.1883 bis 02.03.1886 bei Schreinermeister Heinrich Ohligschl\u00e4ger. Der Vater, B\u00e4ckermeister Georg Alef, hatte j\u00e4hrlich f\u00fcr seinen Sohn Andreas ein Lehrgeld von 30,00 Mark zu zahlen. Nach der Lehre ging Andreas auf die die Walz. Vom 01.05.1886 bis zum 15.05.1888 f\u00fchrte sein Weg ihn nach Wiesbaden, Opladen, D\u00fcsseldorf, Hildesheim, Hamburg, sowie zur k\u00f6niglichen Stuhlmacherei in F\u00fcrstenberg i.M.. An Pfingsten 1888 gab es dort als Mittagessen Heringe, darauf hin entschied er sich, die Walz zu beenden und machte sich auf in die Heimat.<\/p>\n\n\n\n<p>Am 01. Oktober 1991 gr\u00fcndete Andreas Alef die Schreinerei in der Spitzgasse 6 in Obermendig.<\/p>\n\n\n\n<div style=\"height:94px\" aria-hidden=\"true\" class=\"wp-block-spacer\"><\/div>\n\n\n\n<p>Georg Alef<\/p>\n\n\n\n<p>*22.12.1891 &nbsp; \ua74930.05.1961<\/p>\n\n\n\n<div class=\"wp-block-image\"><figure class=\"alignright size-large is-resized\"><img decoding=\"async\" loading=\"lazy\" src=\"http:\/\/dyn.schreinerei-alef.de\/wp-content\/uploads\/2020\/05\/IMG_5266-1-651x1024.jpg\" alt=\"\" class=\"wp-image-580\" width=\"196\" height=\"307\" srcset=\"https:\/\/schreinerei-alef.de\/wp-content\/uploads\/2020\/05\/IMG_5266-1-651x1024.jpg 651w, https:\/\/schreinerei-alef.de\/wp-content\/uploads\/2020\/05\/IMG_5266-1-191x300.jpg 191w, https:\/\/schreinerei-alef.de\/wp-content\/uploads\/2020\/05\/IMG_5266-1-768x1208.jpg 768w, https:\/\/schreinerei-alef.de\/wp-content\/uploads\/2020\/05\/IMG_5266-1-976x1536.jpg 976w, https:\/\/schreinerei-alef.de\/wp-content\/uploads\/2020\/05\/IMG_5266-1-1302x2048.jpg 1302w, https:\/\/schreinerei-alef.de\/wp-content\/uploads\/2020\/05\/IMG_5266-1-scaled.jpg 1627w\" sizes=\"(max-width: 196px) 100vw, 196px\" \/><\/figure><\/div>\n\n\n\n<p>Georg Johann Alef trat 1906 als Schreinerlehrling in den elterlichen Betrieb ein. 1908 endete seine Lehre erfolgreich mit bestandener Gesellenpr\u00fcfung.<\/p>\n\n\n\n<p>1910-1911 absolvierte er die Handwerker- und Kunstgewerbeschule in&nbsp; Barmen Elberfeld laut Zeugnis mit sehr gutem Ergebnis.<\/p>\n\n\n\n<p>Als Pionier der 1. Kompanie des Eisenbahnregiments Nr. 1 diente er als Rekrut vom 12.10.1911 bis zum 25.09.1913 als Reserve in Berlin Sch\u00f6neberg und ab 01.04.1914 bis zum 20.11.1918 nahm er durch Kriegsbeorderung am 1. Weltkrieg teil.<\/p>\n\n\n\n<p>1922 \u00fcbernahm er den elterlichen Betrieb und erwarb die ersten elektrisch betriebenen Maschinen zur Holzbearbeitung.<\/p>\n\n\n\n<div style=\"height:100px\" aria-hidden=\"true\" class=\"wp-block-spacer\"><\/div>\n\n\n\n<p>Oskar Alef<\/p>\n\n\n\n<p>*31.10.1929 &nbsp; \ua74914.04.2017<\/p>\n\n\n\n<div class=\"wp-block-image\"><figure class=\"alignright size-large is-resized\"><img decoding=\"async\" loading=\"lazy\" src=\"http:\/\/dyn.schreinerei-alef.de\/wp-content\/uploads\/2020\/05\/IMG_9675-scaled.jpg\" alt=\"\" class=\"wp-image-585\" width=\"189\" height=\"261\" srcset=\"https:\/\/schreinerei-alef.de\/wp-content\/uploads\/2020\/05\/IMG_9675-scaled.jpg 1858w, https:\/\/schreinerei-alef.de\/wp-content\/uploads\/2020\/05\/IMG_9675-218x300.jpg 218w, https:\/\/schreinerei-alef.de\/wp-content\/uploads\/2020\/05\/IMG_9675-1115x1536.jpg 1115w, https:\/\/schreinerei-alef.de\/wp-content\/uploads\/2020\/05\/IMG_9675-1487x2048.jpg 1487w\" sizes=\"(max-width: 189px) 100vw, 189px\" \/><\/figure><\/div>\n\n\n\n<p>Karl Oskar Alef begann 1944 seine Lehrzeit im elterlichen Betrieb am 7. August 1948 schloss er diese erfolgreich mit dem Gesellenbrief ab.<\/p>\n\n\n\n<p>Von 1953 bis 1955 besuchte er in Neuwied die 2-j\u00e4hrige Technikerfachschule und erlangte am 09. Dezember 1967 den Meisterbrief bei der Handwerkskammer Koblenz.<\/p>\n\n\n\n<p>Nach dem Tod seines Vaters \u00fcbernahm er den elterlichen Betrieb.<\/p>\n\n\n\n<div style=\"height:100px\" aria-hidden=\"true\" class=\"wp-block-spacer\"><\/div>\n\n\n\n<p>Helmut Alef<\/p>\n\n\n\n<p>*08.06.1960<\/p>\n\n\n\n<p>Helmut Josef Alef begann 1977 die Schreinerlehre im elterlichen Betrieb, welche er am 20.06.1977 erfolgreich mit dem Gesellenbrief abschloss.<\/p>\n\n\n\n<p>Nach 2-j\u00e4hrigem Besuch der Fachschule f\u00fcr Holztechnik in Detmold schloss er diese am 27.06.1986 sehr erfolgreich als Holztechniker ab. Am 27.08.1986 bestand er die Meisterpr\u00fcfung im Tischler-Handwerk und ist damit berechtigt den Meistertitel zu f\u00fchren.<\/p>\n\n\n\n<p>In seiner Diplomarbeit behandelte er die M\u00f6glichkeiten und Probleme der Einf\u00fchrung der EDV in die Handwerksbetriebe.&nbsp;<\/p>\n\n\n\n<p>Zur\u00fcck in Mendig f\u00fchrte er die EDV gest\u00fctzte Planung und Kalkulation im heimischen Betrieb ein.<\/p>\n\n\n\n<p>Einen Schwerpunkt seiner Arbeit setzt er unter anderem in der Planung und Bau von individuellen M\u00f6beln.<\/p>\n\n\n\n<p>Seit 2011 firmiert die Schreinerei unter der Schreinerei Alef GmbH &amp; Co. KG\u00a0<\/p>\n","protected":false},"excerpt":{"rendered":"<p>\u00dcber uns: Wir sind seit 1891 ein in der 4. Generation inhabergef\u00fchrter Meisterbetrieb des Schreinerhandwerkes. Bei uns wird traditionelles Handwerk mit innovativer Kompetenz zuverl\u00e4ssig kombiniert, um anspruchsvollen Kundenw\u00fcnschen gerecht zu werden. Unsere Schreinerei befindet sich mitten im Herzen von Obermendig und ist mit modernen Maschinen des Schreinerhandwerkes ausgestattet. Die Planung und Durchf\u00fchrung von Projekten erfolgt [&hellip;]<\/p>\n","protected":false},"author":1,"featured_media":0,"parent":0,"menu_order":0,"comment_status":"closed","ping_status":"closed","template":"","meta":[],"_links":{"self":[{"href":"https:\/\/schreinerei-alef.de\/index.php?rest_route=\/wp\/v2\/pages\/21"}],"collection":[{"href":"https:\/\/schreinerei-alef.de\/index.php?rest_route=\/wp\/v2\/pages"}],"about":[{"href":"https:\/\/schreinerei-alef.de\/index.php?rest_route=\/wp\/v2\/types\/page"}],"author":[{"embeddable":true,"href":"https:\/\/schreinerei-alef.de\/index.php?rest_route=\/wp\/v2\/users\/1"}],"replies":[{"embeddable":true,"href":"https:\/\/schreinerei-alef.de\/index.php?rest_route=%2Fwp%2Fv2%2Fcomments&post=21"}],"version-history":[{"count":34,"href":"https:\/\/schreinerei-alef.de\/index.php?rest_route=\/wp\/v2\/pages\/21\/revisions"}],"predecessor-version":[{"id":677,"href":"https:\/\/schreinerei-alef.de\/index.php?rest_route=\/wp\/v2\/pages\/21\/revisions\/677"}],"wp:attachment":[{"href":"https:\/\/schreinerei-alef.de\/index.php?rest_route=%2Fwp%2Fv2%2Fmedia&parent=21"}],"curies":[{"name":"wp","href":"https:\/\/api.w.org\/{rel}","templated":true}]}}